{"id":65,"date":"2013-03-29T10:10:26","date_gmt":"2013-03-29T09:10:26","guid":{"rendered":"http:\/\/akslosarova.cz\/?page_id=65"},"modified":"2020-05-19T09:28:36","modified_gmt":"2020-05-19T08:28:36","slug":"cenik","status":"publish","type":"page","link":"http:\/\/akslosarova.cz\/?page_id=65","title":{"rendered":"CEN\u00cdK"},"content":{"rendered":"\n<p>Odm\u011bna advok\u00e1tky\n za poskytov\u00e1n\u00ed pr\u00e1vn\u00edch slu\u017eeb se \u0159\u00edd\u00ed dohodou (smlouvou) mezi \nadvok\u00e1tkou a klientem, kter\u00e1 odvis\u00ed od pr\u00e1vn\u00ed a \u010dasov\u00e9 n\u00e1ro\u010dnosti \nposkytovan\u00e9 slu\u017eby .<\/p>\n\n\n\n<p>Nen\u00ed-li odm\u011bna advok\u00e1tky ur\u010dena dohodou,\n \u0159\u00edd\u00ed se mimosmluvn\u00ed odm\u011bna vyhl\u00e1\u0161kou Ministerstva spravedlnosti \n\u010d.177\/1996 Sb., o odm\u011bn\u00e1ch advok\u00e1t\u016f a n\u00e1hrad\u00e1ch advok\u00e1t\u016f za poskytov\u00e1n\u00ed \npr\u00e1vn\u00edch slu\u017eeb (advok\u00e1tn\u00ed tarif), v platn\u00e9m zn\u011bn\u00ed.<\/p>\n\n\n\n<p>Hotov\u00e9 v\u00fddaje advok\u00e1ta, nap\u0159\u00edklad soudn\u00ed poplatky, cestov\u00e9 atd., jsou \u00fa\u010dtov\u00e1ny zvl\u00e1\u0161\u0165.<\/p>\n\n\n\n<p>Mgr. Aneta \u0160losarov\u00e1 je pl\u00e1tcem DPH.<\/p>\n","protected":false},"excerpt":{"rendered":"<p>Odm\u011bna advok\u00e1tky za poskytov\u00e1n\u00ed pr\u00e1vn\u00edch slu\u017eeb se \u0159\u00edd\u00ed dohodou (smlouvou) mezi advok\u00e1tkou a klientem, kter\u00e1 odvis\u00ed od pr\u00e1vn\u00ed a \u010dasov\u00e9 n\u00e1ro\u010dnosti poskytovan\u00e9 slu\u017eby . Nen\u00ed-li odm\u011bna advok\u00e1tky ur\u010dena dohodou, \u0159\u00edd\u00ed se mimosmluvn\u00ed odm\u011bna vyhl\u00e1\u0161kou Ministerstva spravedlnosti \u010d.177\/1996 Sb., o odm\u011bn\u00e1ch advok\u00e1t\u016f a n\u00e1hrad\u00e1ch advok\u00e1t\u016f za poskytov\u00e1n\u00ed pr\u00e1vn\u00edch slu\u017eeb (advok\u00e1tn\u00ed tarif), v platn\u00e9m zn\u011bn\u00ed. Hotov\u00e9 v\u00fddaje advok\u00e1ta, nap\u0159\u00edklad soudn\u00ed poplatky, cestov\u00e9 atd., jsou \u00fa\u010dtov\u00e1ny zvl\u00e1\u0161\u0165. Mgr. Aneta \u0160losarov\u00e1 je pl\u00e1tcem DPH.<\/p>\n","protected":false},"author":2,"featured_media":0,"parent":0,"menu_order":18,"comment_status":"closed","ping_status":"closed","template":"","meta":{"footnotes":""},"_links":{"self":[{"href":"http:\/\/akslosarova.cz\/index.php?rest_route=\/wp\/v2\/pages\/65"}],"collection":[{"href":"http:\/\/akslosarova.cz\/index.php?rest_route=\/wp\/v2\/pages"}],"about":[{"href":"http:\/\/akslosarova.cz\/index.php?rest_route=\/wp\/v2\/types\/page"}],"author":[{"embeddable":true,"href":"http:\/\/akslosarova.cz\/index.php?rest_route=\/wp\/v2\/users\/2"}],"replies":[{"embeddable":true,"href":"http:\/\/akslosarova.cz\/index.php?rest_route=%2Fwp%2Fv2%2Fcomments&post=65"}],"version-history":[{"count":2,"href":"http:\/\/akslosarova.cz\/index.php?rest_route=\/wp\/v2\/pages\/65\/revisions"}],"predecessor-version":[{"id":401,"href":"http:\/\/akslosarova.cz\/index.php?rest_route=\/wp\/v2\/pages\/65\/revisions\/401"}],"wp:attachment":[{"href":"http:\/\/akslosarova.cz\/index.php?rest_route=%2Fwp%2Fv2%2Fmedia&parent=65"}],"curies":[{"name":"wp","href":"https:\/\/api.w.org\/{rel}","templated":true}]}}