{"id":41,"date":"2013-03-27T20:42:20","date_gmt":"2013-03-27T19:42:20","guid":{"rendered":"http:\/\/akslosarova.cz\/?page_id=41"},"modified":"2023-05-13T20:42:31","modified_gmt":"2023-05-13T19:42:31","slug":"advokacie","status":"publish","type":"page","link":"http:\/\/akslosarova.cz\/","title":{"rendered":"PR\u00c1VN\u00cd SLU\u017dBY"},"content":{"rendered":"\n<p>Poskytujeme kvalifikovan\u011b a loaj\u00e1ln\u011b pr\u00e1vn\u00ed pomoc ve v\u0161ech oblastech \u010desk\u00e9ho pr\u00e1vn\u00edho \u0159\u00e1du.<\/p>\n\n\n\n<p>Na\u0161\u00ed specializac\u00ed je zejm\u00e9na oblast insolven\u010dn\u00edho pr\u00e1va a zastupov\u00e1n\u00ed p\u0159i vym\u00e1h\u00e1n\u00ed pohled\u00e1vek.<\/p>\n\n\n\n<p>Pot\u0159ebujete-li \u0159e\u0161it svou dluhovou situaci, r\u00e1di V\u00e1m po pr\u00e1vn\u00ed porad\u011b s V\u00e1mi vypracujeme insolven\u010dn\u00ed n\u00e1vrh, p\u0159\u00edpadn\u011b spojen\u00fd s n\u00e1vrhem na povolen\u00ed oddlu\u017een\u00ed (tzv. \u201eosobn\u00ed bankrot\u201c). Cena (odm\u011bna advok\u00e1tky) za p\u0159\u00edpravu insolven\u010dn\u00edho n\u00e1vrhu je 4.000,- K\u010d + z\u00e1konn\u00e1 sazba DPH. Pro p\u0159\u00edpravu insolven\u010dn\u00edho n\u00e1vrhu volejte na tel. \u010d\u00edslo 777 577 599.<\/p>\n\n\n\n<p>M\u00e1te-li z\u00e1jem o jak\u00e9koliv pr\u00e1vn\u00ed slu\u017eby, kontaktujte advok\u00e1tku Mgr. Anetu \u0160losarovou na telefonn\u00edm \u010d\u00edsle&nbsp;&nbsp; 778 493 493, nebo\u0165 pro n\u00e1v\u0161t\u011bvu na\u0161\u00ed kancel\u00e1\u0159e je v\u017edy vhodn\u00e9 sjednat si sch\u016fzku, aby Va\u0161\u00ed z\u00e1le\u017eitosti mohl b\u00fdt v\u011bnov\u00e1n dostate\u010dn\u00fd \u010dasov\u00fd prostor.<\/p>\n\n\n\n<p><\/p>\n","protected":false},"excerpt":{"rendered":"<p>Poskytujeme kvalifikovan\u011b a loaj\u00e1ln\u011b pr\u00e1vn\u00ed pomoc ve v\u0161ech oblastech \u010desk\u00e9ho pr\u00e1vn\u00edho \u0159\u00e1du. Na\u0161\u00ed specializac\u00ed je zejm\u00e9na oblast insolven\u010dn\u00edho pr\u00e1va a zastupov\u00e1n\u00ed p\u0159i vym\u00e1h\u00e1n\u00ed pohled\u00e1vek. Pot\u0159ebujete-li \u0159e\u0161it svou dluhovou situaci, r\u00e1di V\u00e1m po pr\u00e1vn\u00ed porad\u011b s V\u00e1mi vypracujeme insolven\u010dn\u00ed n\u00e1vrh, p\u0159\u00edpadn\u011b spojen\u00fd s n\u00e1vrhem na povolen\u00ed oddlu\u017een\u00ed (tzv. \u201eosobn\u00ed bankrot\u201c). Cena (odm\u011bna advok\u00e1tky) za p\u0159\u00edpravu insolven\u010dn\u00edho n\u00e1vrhu je 4.000,- K\u010d + z\u00e1konn\u00e1 sazba DPH. Pro p\u0159\u00edpravu insolven\u010dn\u00edho n\u00e1vrhu volejte na tel. \u010d\u00edslo 777 577 599. M\u00e1te-li z\u00e1jem o jak\u00e9koliv pr\u00e1vn\u00ed slu\u017eby, kontaktujte advok\u00e1tku Mgr. Anetu \u0160losarovou na telefonn\u00edm \u010d\u00edsle&nbsp;&nbsp; 778 493 493, nebo\u0165 pro n\u00e1v\u0161t\u011bvu na\u0161\u00ed kancel\u00e1\u0159e je v\u017edy vhodn\u00e9 sjednat si sch\u016fzku, aby Va\u0161\u00ed z\u00e1le\u017eitosti mohl b\u00fdt v\u011bnov\u00e1n dostate\u010dn\u00fd \u010dasov\u00fd prostor.<\/p>\n","protected":false},"author":2,"featured_media":0,"parent":0,"menu_order":0,"comment_status":"closed","ping_status":"closed","template":"","meta":{"footnotes":""},"_links":{"self":[{"href":"http:\/\/akslosarova.cz\/index.php?rest_route=\/wp\/v2\/pages\/41"}],"collection":[{"href":"http:\/\/akslosarova.cz\/index.php?rest_route=\/wp\/v2\/pages"}],"about":[{"href":"http:\/\/akslosarova.cz\/index.php?rest_route=\/wp\/v2\/types\/page"}],"author":[{"embeddable":true,"href":"http:\/\/akslosarova.cz\/index.php?rest_route=\/wp\/v2\/users\/2"}],"replies":[{"embeddable":true,"href":"http:\/\/akslosarova.cz\/index.php?rest_route=%2Fwp%2Fv2%2Fcomments&post=41"}],"version-history":[{"count":9,"href":"http:\/\/akslosarova.cz\/index.php?rest_route=\/wp\/v2\/pages\/41\/revisions"}],"predecessor-version":[{"id":457,"href":"http:\/\/akslosarova.cz\/index.php?rest_route=\/wp\/v2\/pages\/41\/revisions\/457"}],"wp:attachment":[{"href":"http:\/\/akslosarova.cz\/index.php?rest_route=%2Fwp%2Fv2%2Fmedia&parent=41"}],"curies":[{"name":"wp","href":"https:\/\/api.w.org\/{rel}","templated":true}]}}