{"id":28,"date":"2013-03-27T19:56:36","date_gmt":"2013-03-27T18:56:36","guid":{"rendered":"http:\/\/akslosarova.cz\/?page_id=28"},"modified":"2020-05-19T08:54:09","modified_gmt":"2020-05-19T07:54:09","slug":"odkazy","status":"publish","type":"page","link":"http:\/\/akslosarova.cz\/?page_id=28","title":{"rendered":"GDPR"},"content":{"rendered":"<p>INFORMACE K OCHRAN\u011a OSOBN\u00cdCH \u00daDAJ\u016e<\/p>\n<p>1.Informace o zpracov\u00e1n\u00ed osobn\u00edch \u00fadaj\u016f insolven\u010dn\u00ed spr\u00e1vkyn\u00ed<\/p>\n<p>1.2 Spr\u00e1vce osobn\u00edch \u00fadaj\u016f:<\/p>\n<p>Mgr. Aneta \u0160losarov\u00e1, insolven\u010dn\u00ed spr\u00e1vkyn\u011b<\/p>\n<p>Adresa: Tyr\u0161ova 118\/85, 741 01 Nov\u00fd Ji\u010d\u00edn<\/p>\n<p>I\u010cO: 01631519<\/p>\n<p>e-mail: slosarova@akslosarova.cz<\/p>\n<p>tel: 778 493 493<\/p>\n<p>1.3 Insolven\u010dn\u00ed spr\u00e1vkyn\u011b zpracov\u00e1v\u00e1 osobn\u00ed \u00fadaje subjekt\u016f \u00fadaj\u016f nutn\u00e9 pro \u0159\u00e1dn\u00fd v\u00fdkon \u010dinnosti insolven\u010dn\u00edho spr\u00e1vce.<\/p>\n<p>1.4 Pr\u00e1vn\u00edm z\u00e1kladem pro zpracov\u00e1n\u00ed osobn\u00edch \u00fadaj\u016f je v\u00fdkon (pln\u011bn\u00ed) pr\u00e1vn\u00edch povinnost\u00ed. V takov\u00e9m p\u0159\u00edpad\u011b nen\u00ed ke zpracov\u00e1n\u00ed osobn\u00edch \u00fadaj\u016f subjektu \u00fadaj\u016f nutn\u00fd jejich souhlas.<\/p>\n<p>1.5 Insolven\u010dn\u00ed spr\u00e1vkyn\u011b zpracov\u00e1v\u00e1 identifika\u010dn\u00ed a kontaktn\u00ed \u00fadaje, zejm\u00e9na jm\u00e9no a p\u0159\u00edjmen\u00ed, bydli\u0161t\u011b, datum narozen\u00ed, rodn\u00e9 \u010d\u00edslo, bankovn\u00ed spojen\u00ed, \u00fadaje o rodinn\u00fdch a majetkov\u00fdch pom\u011brech, zam\u011bstn\u00e1n\u00ed, p\u0159\u00edjmech, dluz\u00edch a pohled\u00e1vk\u00e1ch.<\/p>\n<p>1.6 Osobn\u00ed a dal\u0161\u00ed nezbytn\u00e9 \u00fadaje z\u00edsk\u00e1v\u00e1 insolven\u010dn\u00ed spr\u00e1vkyn\u011b p\u0159edev\u0161\u00edm od insolven\u010dn\u00edho soudu a subjektu \u00fadaj\u016f, tj. ze sd\u011blen\u00ed dlu\u017en\u00edka. Osobn\u00ed a dal\u0161\u00ed nezbytn\u00e9 \u00fadaje z\u00edsk\u00e1v\u00e1 insolven\u010dn\u00ed spr\u00e1vkyn\u011b rovn\u011b\u017e z ve\u0159ejn\u00fdch rejst\u0159\u00edk\u016f, jako jsou obchodn\u00ed rejst\u0159\u00edk, registr vozidel, na z\u00e1klad\u011b z\u00e1konn\u00e9 sou\u010dinnosti dle \u00a7 43 z\u00e1kona \u010d. 182\/2006 Sb., o \u00fapadku a zp\u016fsobech jeho \u0159e\u0161en\u00ed (insolven\u010dn\u00edho z\u00e1kona) ve zn\u011bn\u00ed pozd\u011bj\u0161\u00edch p\u0159edpis\u016f tak\u00e9 od dal\u0161\u00edch subjekt\u016f, jako jsou banky, spo\u0159iteln\u00ed a \u00fav\u011brov\u00e1 dru\u017estva, evidence cenn\u00fdch pap\u00edr\u016f.<\/p>\n<p>1.7 Neposkytnut\u00ed p\u0159\u00edslu\u0161n\u00fdch \u00fadaj\u016f subjektem \u00fadaj\u016f (dlu\u017en\u00edkem) m\u016f\u017ee v\u00e9st insolven\u010dn\u00ed soud k rozhodnut\u00ed o ulo\u017een\u00ed r\u016fzn\u00fdch dal\u0161\u00edch povinnost\u00ed.<\/p>\n<p>1.8 Osobn\u00ed a dal\u0161\u00ed nezbytn\u00e9 \u00fadaje budou pou\u017eity k zaji\u0161t\u011bn\u00ed \u0159\u00e1dn\u00e9ho pr\u016fb\u011bhu insolven\u010dn\u00edho \u0159\u00edzen\u00ed, zejm\u00e9na k napln\u011bn\u00ed jeho smyslu a \u00fa\u010delu a pro komunikaci se subjekty vstupuj\u00edc\u00edmi do insolven\u010dn\u00edho \u0159\u00edzen\u00ed, zejm\u00e9na insolven\u010dn\u00edm soudem, zam\u011bstnavateli, v\u011b\u0159iteli a jejich z\u00e1stupci.<\/p>\n<p>1.9 Osobn\u00ed a dal\u0161\u00ed nezbytn\u00e9 \u00fadaje jsou p\u0159ed\u00e1v\u00e1ny zejm\u00e9na insolven\u010dn\u00edmu soudu, zam\u011bstnavatel\u016fm a v\u011b\u0159itel\u016fm. Osobn\u00ed \u00fadaje nejsou p\u0159ed\u00e1v\u00e1ny do t\u0159et\u00edch zem\u00ed.<\/p>\n<p>1.10 Subjekt \u00fadaj\u016f (dlu\u017en\u00edk) m\u00e1 pr\u00e1vo<\/p>\n<p>1.10.1 na p\u0159\u00edstup k osobn\u00edm \u00fadaj\u016fm, tedy z\u00edskat od insolven\u010dn\u00ed spr\u00e1vkyn\u011b potvrzen\u00ed, zda jeho osobn\u00ed \u00fadaje jsou \u010di nejsou zpracov\u00e1v\u00e1ny, a pokud je tomu tak, m\u00e1 pr\u00e1vo z\u00edskat p\u0159\u00edstup k t\u011bmto osobn\u00edm \u00fadaj\u016fm a k dal\u0161\u00edm pr\u00e1vn\u00edm p\u0159edpisem stanoven\u00fdm informac\u00edm,<\/p>\n<p>1.10.2 po\u017eadovat opravu nep\u0159esn\u00fdch osobn\u00edch \u00fadaj\u016f a dopln\u011bn\u00ed ne\u00fapln\u00fdch osobn\u00edch \u00fadaj\u016f,<\/p>\n<p>1.10.3 na v\u00fdmaz osobn\u00edch \u00fadaj\u016f (tzv. pr\u00e1vo b\u00fdt zapomenut),<\/p>\n<p>1.10.4 pr\u00e1vo na omezen\u00ed zpracov\u00e1n\u00ed<\/p>\n<p>1.10.5 pr\u00e1vo na p\u0159enositelnost \u00fadaj\u016f<\/p>\n<p>1.10.6 pr\u00e1vo vzn\u00e9st n\u00e1mitku proti zpracov\u00e1n\u00ed osobn\u00edch \u00fadaj\u016f<\/p>\n<p>1.10.7 podat st\u00ed\u017enost proti zpracov\u00e1n\u00ed u \u00da\u0159adu na ochranu osobn\u00edch \u00fadaj\u016f.<\/p>\n<p>1.11 V\u00edce informac\u00ed o pr\u00e1vech subjektu \u00fadaj\u016f je k dispozici na str\u00e1nk\u00e1ch \u00da\u0159adu pro ochranu osobn\u00edch \u00fadaj\u016f www.uoou.cz .<\/p>\n<p>1.12 Jeliko\u017e osobn\u00ed \u00fadaje jsou zpracov\u00e1v\u00e1ny na z\u00e1klad\u011b pln\u011bn\u00ed pr\u00e1vn\u00edch povinnost\u00ed, mohou b\u00fdt n\u011bkter\u00e1 v\u00fd\u0161e uveden\u00e1 pr\u00e1va subjektu \u00fadaj\u016f z\u00e1konn\u00fdm zp\u016fsobem omezena \u010di vylou\u010dena. Pr\u00e1vo odvolat souhlas se zpracov\u00e1n\u00edm osobn\u00edch \u00fadaj\u016f se neuplatn\u00ed, jeliko\u017e osobn\u00ed \u00fadaje subjektu \u00fadaj\u016f (dlu\u017en\u00edka) jsou zpracov\u00e1v\u00e1ny z d\u016fvod\u016f pln\u011bn\u00ed pr\u00e1vn\u00ed povinnosti, nikoliv na z\u00e1klad\u011b souhlasu se zpracov\u00e1n\u00edm.<\/p>\n<p>1.13 Ve v\u011bci uplatn\u011bn\u00ed pr\u00e1v vztahuj\u00edc\u00edch se ke zpracov\u00e1n\u00ed osobn\u00edch \u00fadaj\u016f se subjekt \u00fadaj\u016f obrac\u00ed na insolven\u010dn\u00ed spr\u00e1vkyni p\u00edsemn\u011b na v\u00fd\u0161e uvedenou adresu s\u00eddla insolven\u010dn\u00ed spr\u00e1vkyn\u011b.<\/p>\n<p>1.14 Subjekt \u00fadaj\u016f m\u00e1 pr\u00e1vo na bezplatn\u00fd p\u0159\u00edstup ke sv\u00fdm osobn\u00edm \u00fadaj\u016fm zpracov\u00e1van\u00fdch insolven\u010dn\u00ed spr\u00e1vkyn\u00ed, pokud jeho \u017e\u00e1dost nen\u00ed opakovan\u00e1 nebo nep\u0159im\u011b\u0159en\u00e1, jako\u017e i na po\u0159\u00edzen\u00ed kopi\u00ed zpracov\u00e1van\u00fdch osobn\u00edch \u00fadaj\u016f za p\u0159im\u011b\u0159en\u00fd poplatek na z\u00e1klad\u011b administrativn\u00edch n\u00e1klad\u016f.<\/p>\n<p>1.15 Insolven\u010dn\u00ed spr\u00e1vkyn\u011b upozor\u0148uje, \u017ee ka\u017ed\u00fd insolven\u010dn\u00ed spis je zalo\u017een v insolven\u010dn\u00edm rejst\u0159\u00edku, kter\u00fd je ve\u0159ejn\u011b dostupn\u00fd s v\u00fdjimkou \u00fadaj\u016f, o kter\u00fdch tak stanov\u00ed insolven\u010dn\u00ed z\u00e1kon.<\/p>\n<p>1.16 Osobn\u00ed \u00fadaje jsou zpracov\u00e1v\u00e1ny po dobu trv\u00e1n\u00ed insolven\u010dn\u00edho \u0159\u00edzen\u00ed a po jeho ukon\u010den\u00ed s nimi bude nakl\u00e1d\u00e1no v souladu s pr\u00e1vn\u00edmi p\u0159edpisy, zejm\u00e9na o archivnictv\u00ed a spisov\u00e9 slu\u017eb\u011b, statistick\u00fdch povinnostech, nemocensk\u00e9m a d\u016fchodov\u00e9m poji\u0161t\u011bn\u00ed.<\/p>\n<p>1.17 U insolven\u010dn\u00ed spr\u00e1vkyn\u011b nedoch\u00e1z\u00ed k automatizovan\u00e9mu rozhodov\u00e1n\u00ed ani profilov\u00e1n\u00ed.<\/p>\n<p>2. Informace o zpracov\u00e1n\u00ed osobn\u00edch \u00fadaj\u016f advok\u00e1tn\u00ed kancel\u00e1\u0159\u00ed<\/p>\n<p>2.1. Spr\u00e1vce osobn\u00edch \u00fadaj\u016f:<\/p>\n<p>Mgr. Aneta \u0160losarov\u00e1, advok\u00e1tka<\/p>\n<p>Adresa: Tyr\u0161ova 118\/8, 741 01 Nov\u00fd Ji\u010d\u00edn<\/p>\n<p>I\u010cO: 01631519<\/p>\n<p>e-mail: slosarova@akslosarova.cz<\/p>\n<p>tel: 778 493 493<\/p>\n<p>2.2 Advok\u00e1tn\u00ed kancel\u00e1\u0159 zpracov\u00e1v\u00e1 osobn\u00ed \u00fadaje subjekt\u016f \u00fadaj\u016f nutn\u00e9 pro \u0159\u00e1dn\u00fd v\u00fdkon advokacie.<\/p>\n<p>2.3 Pr\u00e1vn\u00edm z\u00e1kladem pro zpracov\u00e1n\u00ed osobn\u00edch \u00fadaj\u016f je zpravidla uzav\u0159en\u00ed smlouvy o poskytov\u00e1n\u00ed pr\u00e1vn\u00ed pomoci, kter\u00e1 nemus\u00ed b\u00fdt uzav\u0159ena v\u017edy v p\u00edsemn\u00e9 form\u011b \u010di ustanoven\u00ed soudem.<\/p>\n<p>2.4 Advok\u00e1tn\u00ed kancel\u00e1\u0159 zpracov\u00e1v\u00e1 identifika\u010dn\u00ed a kontaktn\u00ed \u00fadaje, zejm\u00e9na jm\u00e9no a p\u0159\u00edjmen\u00ed, bydli\u0161t\u011b, datum narozen\u00ed, rodn\u00e9 \u010d\u00edslo a dal\u0161\u00ed osobn\u00ed \u00fadaje sd\u011bln\u00e9 advok\u00e1tn\u00ed kancel\u00e1\u0159i subjektem \u00fadaj\u016f (klientem). Poskytov\u00e1n\u00ed osobn\u00edch \u00fadaj\u016f je povinnost\u00ed subjektu \u00fadaj\u016f (klienta) vypl\u00fdvaj\u00edc\u00ed ze smlouvy o poskytnut\u00ed pr\u00e1vn\u00ed pomoci a nedodr\u017een\u00ed t\u00e9to povinnosti m\u016f\u017ee v\u00e9st k jej\u00edmu ukon\u010den\u00ed ze strany advok\u00e1tn\u00ed kancel\u00e1\u0159e.<\/p>\n<p>2.5 Osobn\u00ed a dal\u0161\u00ed nezbytn\u00e9 \u00fadaje z\u00edsk\u00e1v\u00e1 advok\u00e1tn\u00ed kancel\u00e1\u0159 od protistrany a dal\u0161\u00edch \u00fa\u010dastn\u00edk\u016f \u0159\u00edzen\u00ed, ve kter\u00e9m zastupuje klienta nebo od dal\u0161\u00edch osob p\u0159i veden\u00ed klientovy pr\u00e1vn\u00ed v\u011bci, p\u0159\u00edpadn\u011b z ve\u0159ejn\u00fdch rejst\u0159\u00edk\u016f.<\/p>\n<p>2.6 \u00dadaje budou pou\u017eity pro \u0159\u00e1dn\u00fd v\u00fdkon pr\u00e1vn\u00edch slu\u017eeb a pr\u00e1vn\u00edho zastoupen\u00ed klienta<\/p>\n<p>podle z\u00e1kona \u010d. 85\/1996 Sb., o advokacii a smlouvy o poskytov\u00e1n\u00ed pr\u00e1vn\u00edch slu\u017eeb uzav\u0159en\u00e9 s klientem, k plynul\u00e9 a hladk\u00e9 komunikaci se subjekty v r\u00e1mci \u0159\u00edzen\u00ed \u010di vstupuj\u00edc\u00edmi do pr\u00e1vn\u00ed v\u011bci klienta, ve kter\u00e9 advok\u00e1tn\u00ed kancel\u00e1\u0159 klienta zastupuje.<\/p>\n<p>2.7 Osobn\u00ed a dal\u0161\u00ed nezbytn\u00e9 \u00fadaje jsou p\u0159ed\u00e1v\u00e1ny zejm\u00e9na org\u00e1n\u016fm ve\u0159ejn\u00e9 moci(soudy, spr\u00e1vn\u00ed org\u00e1ny), org\u00e1n\u016fm samospr\u00e1vy, policie, not\u00e1\u0159\u016fm, soudn\u00edm exekutor\u016fm, insolven\u010dn\u00edm spr\u00e1vc\u016fm atp. a mohou b\u00fdt p\u0159ed\u00e1v\u00e1ny dal\u0161\u00edm p\u0159\u00edjemc\u016fm dle pot\u0159eb a pokyn\u016f klienta.<\/p>\n<p>2.8 Osobn\u00ed \u00fadaje nejsou p\u0159ed\u00e1v\u00e1ny do t\u0159et\u00edch zem\u00ed.<\/p>\n<p>2.9 Subjekt osobn\u00edch \u00fadaj\u016f (klient) m\u00e1 pr\u00e1vo<\/p>\n<p>2.9.1 na p\u0159\u00edstup k osobn\u00edm \u00fadaj\u016fm, tedy z\u00edskat od advok\u00e1tn\u00ed kancel\u00e1\u0159e potvrzen\u00ed, zda jeho osobn\u00ed \u00fadaje jsou \u010di nejsou zpracov\u00e1v\u00e1ny, a pokud je tomu tak, m\u00e1 pr\u00e1vo z\u00edskat p\u0159\u00edstup k t\u011bmto osobn\u00edm \u00fadaj\u016fm a k dal\u0161\u00edm pr\u00e1vn\u00edm p\u0159edpisem stanoven\u00fdm informac\u00edm<\/p>\n<p>2.9.2 po\u017eadovat opravu nep\u0159esn\u00fdch osobn\u00edch \u00fadaj\u016f a dopln\u011bn\u00ed ne\u00fapln\u00fdch osobn\u00edch \u00fadaj\u016f,<\/p>\n<p>2.9.3 na v\u00fdmaz osobn\u00edch \u00fadaj\u016f (tzv. pr\u00e1vo b\u00fdt zapomenut),<\/p>\n<p>2.9.4 pr\u00e1vo na omezen\u00ed zpracov\u00e1n\u00ed<\/p>\n<p>2.9.5 pr\u00e1vo na p\u0159enositelnost \u00fadaj\u016f<\/p>\n<p>2.9.6 pr\u00e1vo vzn\u00e9st n\u00e1mitku proti zpracov\u00e1n\u00ed osobn\u00edch \u00fadaj\u016f<\/p>\n<p>2.9.7 podat st\u00ed\u017enost proti zpracov\u00e1n\u00ed u \u00da\u0159adu na ochranu osobn\u00edch \u00fadaj\u016f.<\/p>\n<p>2.10 V\u00edce informac\u00ed o pr\u00e1vech subjektu \u00fadaj\u016f je k dispozici na str\u00e1nk\u00e1ch \u00da\u0159adu pro<\/p>\n<p>ochranu osobn\u00edch \u00fadaj\u016f www.uoou.cz .<\/p>\n<p>2.11 Napln\u011bn\u00ed n\u011bkter\u00fdch pr\u00e1v subjektu \u00fadaj\u016f, tak jak je uvedeno zde v\u00fd\u0161e, m\u016f\u017ee b\u00fdt v\u00e1z\u00e1no na spln\u011bn\u00ed ur\u010dit\u00fdch z\u00e1konn\u00fdch podm\u00ednek. Pr\u00e1vo odvolat souhlas se zpracov\u00e1n\u00edm osobn\u00edch \u00fadaj\u016f se neuplatn\u00ed, jeliko\u017e osobn\u00ed \u00fadaje klienta jsou zpracov\u00e1v\u00e1ny z d\u016fvod\u016f smlouvy uzav\u0159en\u00e9 s klientem, nikoliv na z\u00e1klad\u011b souhlasu se zpracov\u00e1n\u00edm.<\/p>\n<p>2.12 Ve v\u011bci uplatn\u011bn\u00ed pr\u00e1v vztahuj\u00edc\u00edch se ke zpracov\u00e1n\u00ed osobn\u00edch \u00fadaj\u016f se subjekt \u00fadaj\u016f<\/p>\n<p>obrac\u00ed na advok\u00e1tn\u00ed kancel\u00e1\u0159 p\u00edsemn\u011b na v\u00fd\u0161e uvedenou adresu s\u00eddla advok\u00e1tn\u00ed kancel\u00e1\u0159e.<\/p>\n<p>2.13 Subjekt \u00fadaj\u016f m\u00e1 pr\u00e1vo na bezplatn\u00fd p\u0159\u00edstup ke sv\u00fdm osobn\u00edm \u00fadaj\u016fm zpracov\u00e1van\u00fdch advok\u00e1tn\u00ed kancel\u00e1\u0159\u00ed, pokud jeho \u017e\u00e1dost nen\u00ed opakovan\u00e1 nebo nep\u0159im\u011b\u0159en\u00e1, jako\u017e i na po\u0159\u00edzen\u00ed kopi\u00ed zpracov\u00e1van\u00fdch osobn\u00edch \u00fadaj\u016f za p\u0159im\u011b\u0159en\u00fd poplatek na z\u00e1klad\u011b administrativn\u00edch n\u00e1klad\u016f.<\/p>\n<p>2.14 Osobn\u00ed \u00fadaje jsou zpracov\u00e1v\u00e1ny po dobu platnosti smlouvy o poskytov\u00e1n\u00ed pr\u00e1vn\u00ed pomoci a po jej\u00edm skon\u010den\u00ed s nimi bude nakl\u00e1d\u00e1no v souladu s pr\u00e1vn\u00edmi p\u0159edpisy, zejm\u00e9na o archivnictv\u00ed a spisov\u00e9 slu\u017eb\u011b, statistick\u00fdch povinnostech, nemocensk\u00e9m a<\/p>\n<p>d\u016fchodov\u00e9m poji\u0161t\u011bn\u00ed.<\/p>\n<p>2.15 U advok\u00e1tn\u00ed kancel\u00e1\u0159e nedoch\u00e1z\u00ed k automatizovan\u00e9mu rozhodov\u00e1n\u00ed ani profilov\u00e1n\u00ed.<\/p>\n","protected":false},"excerpt":{"rendered":"<p>INFORMACE K OCHRAN\u011a OSOBN\u00cdCH \u00daDAJ\u016e 1.Informace o zpracov\u00e1n\u00ed osobn\u00edch \u00fadaj\u016f insolven\u010dn\u00ed spr\u00e1vkyn\u00ed 1.2 Spr\u00e1vce osobn\u00edch \u00fadaj\u016f: Mgr. Aneta \u0160losarov\u00e1, insolven\u010dn\u00ed spr\u00e1vkyn\u011b Adresa: Tyr\u0161ova 118\/85, 741 01 Nov\u00fd Ji\u010d\u00edn I\u010cO: 01631519 e-mail: slosarova@akslosarova.cz tel: 778 493 493 1.3 Insolven\u010dn\u00ed spr\u00e1vkyn\u011b zpracov\u00e1v\u00e1 osobn\u00ed \u00fadaje subjekt\u016f \u00fadaj\u016f nutn\u00e9 pro \u0159\u00e1dn\u00fd v\u00fdkon \u010dinnosti insolven\u010dn\u00edho spr\u00e1vce. 1.4 Pr\u00e1vn\u00edm z\u00e1kladem pro zpracov\u00e1n\u00ed osobn\u00edch \u00fadaj\u016f je v\u00fdkon (pln\u011bn\u00ed) pr\u00e1vn\u00edch povinnost\u00ed. V takov\u00e9m p\u0159\u00edpad\u011b nen\u00ed ke zpracov\u00e1n\u00ed osobn\u00edch \u00fadaj\u016f subjektu \u00fadaj\u016f nutn\u00fd jejich souhlas. 1.5 Insolven\u010dn\u00ed spr\u00e1vkyn\u011b zpracov\u00e1v\u00e1 identifika\u010dn\u00ed a kontaktn\u00ed \u00fadaje, zejm\u00e9na jm\u00e9no a p\u0159\u00edjmen\u00ed, bydli\u0161t\u011b, datum narozen\u00ed, rodn\u00e9 \u010d\u00edslo, bankovn\u00ed spojen\u00ed, \u00fadaje o rodinn\u00fdch a majetkov\u00fdch pom\u011brech, zam\u011bstn\u00e1n\u00ed, p\u0159\u00edjmech, dluz\u00edch a pohled\u00e1vk\u00e1ch. 1.6 Osobn\u00ed a dal\u0161\u00ed nezbytn\u00e9 \u00fadaje z\u00edsk\u00e1v\u00e1 insolven\u010dn\u00ed spr\u00e1vkyn\u011b p\u0159edev\u0161\u00edm od insolven\u010dn\u00edho soudu a subjektu \u00fadaj\u016f, tj. ze sd\u011blen\u00ed dlu\u017en\u00edka. Osobn\u00ed a dal\u0161\u00ed nezbytn\u00e9 \u00fadaje z\u00edsk\u00e1v\u00e1 insolven\u010dn\u00ed spr\u00e1vkyn\u011b rovn\u011b\u017e z ve\u0159ejn\u00fdch rejst\u0159\u00edk\u016f, jako jsou obchodn\u00ed rejst\u0159\u00edk, registr vozidel, na z\u00e1klad\u011b z\u00e1konn\u00e9 sou\u010dinnosti dle \u00a7&hellip;<\/p>\n<p> <a class=\"more-link\" href=\"http:\/\/akslosarova.cz\/?page_id=28\">\u010ct\u011bte v\u00edce<\/a><\/p>\n","protected":false},"author":2,"featured_media":0,"parent":0,"menu_order":50,"comment_status":"closed","ping_status":"closed","template":"","meta":{"footnotes":""},"_links":{"self":[{"href":"http:\/\/akslosarova.cz\/index.php?rest_route=\/wp\/v2\/pages\/28"}],"collection":[{"href":"http:\/\/akslosarova.cz\/index.php?rest_route=\/wp\/v2\/pages"}],"about":[{"href":"http:\/\/akslosarova.cz\/index.php?rest_route=\/wp\/v2\/types\/page"}],"author":[{"embeddable":true,"href":"http:\/\/akslosarova.cz\/index.php?rest_route=\/wp\/v2\/users\/2"}],"replies":[{"embeddable":true,"href":"http:\/\/akslosarova.cz\/index.php?rest_route=%2Fwp%2Fv2%2Fcomments&post=28"}],"version-history":[{"count":4,"href":"http:\/\/akslosarova.cz\/index.php?rest_route=\/wp\/v2\/pages\/28\/revisions"}],"predecessor-version":[{"id":398,"href":"http:\/\/akslosarova.cz\/index.php?rest_route=\/wp\/v2\/pages\/28\/revisions\/398"}],"wp:attachment":[{"href":"http:\/\/akslosarova.cz\/index.php?rest_route=%2Fwp%2Fv2%2Fmedia&parent=28"}],"curies":[{"name":"wp","href":"https:\/\/api.w.org\/{rel}","templated":true}]}}