{"id":25,"date":"2013-03-27T19:56:20","date_gmt":"2013-03-27T18:56:20","guid":{"rendered":"http:\/\/akslosarova.cz\/?page_id=25"},"modified":"2020-05-19T09:51:47","modified_gmt":"2020-05-19T08:51:47","slug":"kontakt","status":"publish","type":"page","link":"http:\/\/akslosarova.cz\/?page_id=25","title":{"rendered":"KONTAKTY"},"content":{"rendered":"<p>Tyr\u0161ova 118\/8<br \/>\n741 01 Nov\u00fd Ji\u010d\u00edn<\/p>\n<p>tel. <strong>778 493 493<\/strong> \u2013 Mgr. Aneta \u0160losarov\u00e1, advok\u00e1tka a insolven\u010dn\u00ed spr\u00e1vkyn\u011b<\/p>\n<p>tel. <strong>777 577 599<\/strong> \u2013 Alena \u010c\u00edpov\u00e1, asistentka kancel\u00e1\u0159e<\/p>\n<p>email: <strong>slosarova@akslosarova.cz<\/strong><\/p>\n<p>Ke sch\u016fzce je nutno se p\u0159edem telefonicky objednat.<\/p>\n<p>I\u010cO: 01631519<br \/>\neviden\u010dn\u00ed \u010d\u00edslo \u010cAK: 15105<\/p>\n<p>datov\u00e1 schr\u00e1nka advok\u00e1ta:\u00a0 <strong>ijhxeum <\/strong>( aktivov\u00e1na pro p\u0159\u00edjem po\u0161tovn\u00edch datov\u00fdch zpr\u00e1v )<br \/>\ndatov\u00e1 schr\u00e1nka insolven\u010dn\u00edho spr\u00e1vce:\u00a0 <strong>qn4tzg4<\/strong> ( aktivov\u00e1na pro p\u0159\u00edjem po\u0161tovn\u00edch datov\u00fdch zpr\u00e1v )<\/p>\n<p><iframe loading=\"lazy\" style=\"border: 0;\" tabindex=\"0\" src=\"https:\/\/www.google.com\/maps\/embed?pb=!1m18!1m12!1m3!1d1293.0781129943896!2d18.00713487205722!3d49.59480329635246!2m3!1f0!2f0!3f0!3m2!1i1024!2i768!4f13.1!3m3!1m2!1s0x4713e2df9deb1f95%3A0x427011cd7e07bfe7!2sMgr.%20Aneta%20%C5%A0losarov%C3%A1!5e0!3m2!1scs!2scz!4v1589517323991!5m2!1scs!2scz\" width=\"1000\" height=\"400\" frameborder=\"0\" allowfullscreen=\"allowfullscreen\" aria-hidden=\"false\"><\/iframe><\/p>\n","protected":false},"excerpt":{"rendered":"<p>Tyr\u0161ova 118\/8 741 01 Nov\u00fd Ji\u010d\u00edn tel. 778 493 493 \u2013 Mgr. Aneta \u0160losarov\u00e1, advok\u00e1tka a insolven\u010dn\u00ed spr\u00e1vkyn\u011b tel. 777 577 599 \u2013 Alena \u010c\u00edpov\u00e1, asistentka kancel\u00e1\u0159e email: slosarova@akslosarova.cz Ke sch\u016fzce je nutno se p\u0159edem telefonicky objednat. I\u010cO: 01631519 eviden\u010dn\u00ed \u010d\u00edslo \u010cAK: 15105 datov\u00e1 schr\u00e1nka advok\u00e1ta:\u00a0 ijhxeum ( aktivov\u00e1na pro p\u0159\u00edjem po\u0161tovn\u00edch datov\u00fdch zpr\u00e1v ) datov\u00e1 schr\u00e1nka insolven\u010dn\u00edho spr\u00e1vce:\u00a0 qn4tzg4 ( aktivov\u00e1na pro p\u0159\u00edjem po\u0161tovn\u00edch datov\u00fdch zpr\u00e1v )<\/p>\n","protected":false},"author":2,"featured_media":0,"parent":0,"menu_order":10,"comment_status":"closed","ping_status":"closed","template":"","meta":{"footnotes":""},"_links":{"self":[{"href":"http:\/\/akslosarova.cz\/index.php?rest_route=\/wp\/v2\/pages\/25"}],"collection":[{"href":"http:\/\/akslosarova.cz\/index.php?rest_route=\/wp\/v2\/pages"}],"about":[{"href":"http:\/\/akslosarova.cz\/index.php?rest_route=\/wp\/v2\/types\/page"}],"author":[{"embeddable":true,"href":"http:\/\/akslosarova.cz\/index.php?rest_route=\/wp\/v2\/users\/2"}],"replies":[{"embeddable":true,"href":"http:\/\/akslosarova.cz\/index.php?rest_route=%2Fwp%2Fv2%2Fcomments&post=25"}],"version-history":[{"count":21,"href":"http:\/\/akslosarova.cz\/index.php?rest_route=\/wp\/v2\/pages\/25\/revisions"}],"predecessor-version":[{"id":404,"href":"http:\/\/akslosarova.cz\/index.php?rest_route=\/wp\/v2\/pages\/25\/revisions\/404"}],"wp:attachment":[{"href":"http:\/\/akslosarova.cz\/index.php?rest_route=%2Fwp%2Fv2%2Fmedia&parent=25"}],"curies":[{"name":"wp","href":"https:\/\/api.w.org\/{rel}","templated":true}]}}