{"id":22,"date":"2013-03-27T19:56:02","date_gmt":"2013-03-27T18:56:02","guid":{"rendered":"http:\/\/akslosarova.cz\/?page_id=22"},"modified":"2020-05-19T09:28:23","modified_gmt":"2020-05-19T08:28:23","slug":"insolvence","status":"publish","type":"page","link":"http:\/\/akslosarova.cz\/?page_id=22","title":{"rendered":"INSOLVENCE"},"content":{"rendered":"<p>Pro p\u0159\u00edpravu insolven\u010dn\u00edho n\u00e1vrhu si m\u016f\u017eete domluvit term\u00edn sch\u016fzky na tel. \u010d\u00edsle <strong>777 577 599<\/strong>.<\/p>\n<p>Advok\u00e1tka Mgr. Aneta \u0160losarov\u00e1 se insolven\u010dn\u00ed praxi v\u011bnuje od roku 2009, m\u00e1 slo\u017eenu odbornou zkou\u0161ku insolven\u010dn\u00edho spr\u00e1vce a vykon\u00e1v\u00e1 funkci insolven\u010dn\u00ed spr\u00e1vkyn\u011b v mnoha des\u00edtk\u00e1ch insolven\u010dn\u00edch \u0159\u00edzen\u00ed.<\/p>\n<p>Jste-li insolven\u010dn\u00edm dlu\u017en\u00edkem, v \u0159\u00edzen\u00ed, kde vykon\u00e1v\u00e1 Mgr. Aneta \u0160losarov\u00e1 funkci Va\u0161\u00ed insolven\u010dn\u00ed spr\u00e1vkyn\u011b , volejte pro \u0159e\u0161en\u00ed sv\u00e9 z\u00e1le\u017eitosti na tel. \u010d\u00edslo 777 577 599. Pro sch\u016fzku s insolven\u010dn\u00ed spr\u00e1vkyn\u00ed je v\u017edy zapot\u0159eb\u00ed se p\u0159edem telefonicky objednat.<\/p>\n<p>Pot\u0159ebujete-li \u0159e\u0161it svou dluhovou situaci, r\u00e1di V\u00e1m po pr\u00e1vn\u00ed porad\u011b s V\u00e1mi vypracujeme insolven\u010dn\u00ed n\u00e1vrh, p\u0159\u00edpadn\u011b spojen\u00fd s n\u00e1vrhem na povolen\u00ed oddlu\u017een\u00ed (tzv. \u201eosobn\u00ed bankrot\u201c). Cena (odm\u011bna advok\u00e1tky) za p\u0159\u00edpravu insolven\u010dn\u00edho n\u00e1vrhu je 4.000,- K\u010d + z\u00e1konn\u00e1 sazba DPH. Pro p\u0159\u00edpravu insolven\u010dn\u00edho n\u00e1vrhu volejte na tel. \u010d\u00edslo 777 577 599.<\/p>\n","protected":false},"excerpt":{"rendered":"<p>Pro p\u0159\u00edpravu insolven\u010dn\u00edho n\u00e1vrhu si m\u016f\u017eete domluvit term\u00edn sch\u016fzky na tel. \u010d\u00edsle 777 577 599. Advok\u00e1tka Mgr. Aneta \u0160losarov\u00e1 se insolven\u010dn\u00ed praxi v\u011bnuje od roku 2009, m\u00e1 slo\u017eenu odbornou zkou\u0161ku insolven\u010dn\u00edho spr\u00e1vce a vykon\u00e1v\u00e1 funkci insolven\u010dn\u00ed spr\u00e1vkyn\u011b v mnoha des\u00edtk\u00e1ch insolven\u010dn\u00edch \u0159\u00edzen\u00ed. Jste-li insolven\u010dn\u00edm dlu\u017en\u00edkem, v \u0159\u00edzen\u00ed, kde vykon\u00e1v\u00e1 Mgr. Aneta \u0160losarov\u00e1 funkci Va\u0161\u00ed insolven\u010dn\u00ed spr\u00e1vkyn\u011b , volejte pro \u0159e\u0161en\u00ed sv\u00e9 z\u00e1le\u017eitosti na tel. \u010d\u00edslo 777 577 599. Pro sch\u016fzku s insolven\u010dn\u00ed spr\u00e1vkyn\u00ed je v\u017edy zapot\u0159eb\u00ed se p\u0159edem telefonicky objednat. Pot\u0159ebujete-li \u0159e\u0161it svou dluhovou situaci, r\u00e1di V\u00e1m po pr\u00e1vn\u00ed porad\u011b s V\u00e1mi vypracujeme insolven\u010dn\u00ed n\u00e1vrh, p\u0159\u00edpadn\u011b spojen\u00fd s n\u00e1vrhem na povolen\u00ed oddlu\u017een\u00ed (tzv. \u201eosobn\u00ed bankrot\u201c). Cena (odm\u011bna advok\u00e1tky) za p\u0159\u00edpravu insolven\u010dn\u00edho n\u00e1vrhu je 4.000,- K\u010d + z\u00e1konn\u00e1 sazba DPH. Pro p\u0159\u00edpravu insolven\u010dn\u00edho n\u00e1vrhu volejte na tel. \u010d\u00edslo 777 577 599.<\/p>\n","protected":false},"author":2,"featured_media":0,"parent":0,"menu_order":0,"comment_status":"closed","ping_status":"closed","template":"","meta":{"footnotes":""},"_links":{"self":[{"href":"http:\/\/akslosarova.cz\/index.php?rest_route=\/wp\/v2\/pages\/22"}],"collection":[{"href":"http:\/\/akslosarova.cz\/index.php?rest_route=\/wp\/v2\/pages"}],"about":[{"href":"http:\/\/akslosarova.cz\/index.php?rest_route=\/wp\/v2\/types\/page"}],"author":[{"embeddable":true,"href":"http:\/\/akslosarova.cz\/index.php?rest_route=\/wp\/v2\/users\/2"}],"replies":[{"embeddable":true,"href":"http:\/\/akslosarova.cz\/index.php?rest_route=%2Fwp%2Fv2%2Fcomments&post=22"}],"version-history":[{"count":5,"href":"http:\/\/akslosarova.cz\/index.php?rest_route=\/wp\/v2\/pages\/22\/revisions"}],"predecessor-version":[{"id":400,"href":"http:\/\/akslosarova.cz\/index.php?rest_route=\/wp\/v2\/pages\/22\/revisions\/400"}],"wp:attachment":[{"href":"http:\/\/akslosarova.cz\/index.php?rest_route=%2Fwp%2Fv2%2Fmedia&parent=22"}],"curies":[{"name":"wp","href":"https:\/\/api.w.org\/{rel}","templated":true}]}}