{"id":12,"date":"2013-03-27T10:54:28","date_gmt":"2013-03-27T09:54:28","guid":{"rendered":"http:\/\/akslosarova.cz\/?page_id=12"},"modified":"2020-05-19T09:54:39","modified_gmt":"2020-05-19T08:54:39","slug":"druha-zkusebni-stranka","status":"publish","type":"page","link":"http:\/\/akslosarova.cz\/?page_id=12","title":{"rendered":"O N\u00c1S"},"content":{"rendered":"\n<p>Poskytujeme kvalifikovan\u011b a loaj\u00e1ln\u011b pr\u00e1vn\u00ed pomoc ve v\u0161ech oblastech \u010desk\u00e9ho pr\u00e1vn\u00edho \u0159\u00e1du.<\/p>\n\n\n\n<p>Na\u0161\u00ed specializac\u00ed je zejm\u00e9na oblast insolven\u010dn\u00edho pr\u00e1va a zastupov\u00e1n\u00ed p\u0159i vym\u00e1h\u00e1n\u00ed pohled\u00e1vek.<\/p>\n\n\n\n<p>M\u00e1te-li z\u00e1jem o jak\u00e9koliv pr\u00e1vn\u00ed slu\u017eby, kontaktujte advok\u00e1tku Mgr. Anetu \u0160losarovou na telefonn\u00edm \u010d\u00edsle   778 493 493, nebo\u0165 pro n\u00e1v\u0161t\u011bvu na\u0161\u00ed kancel\u00e1\u0159e je v\u017edy vhodn\u00e9 sjednat si sch\u016fzku, aby Va\u0161\u00ed z\u00e1le\u017eitosti mohl b\u00fdt v\u011bnov\u00e1n dostate\u010dn\u00fd \u010dasov\u00fd prostor.<\/p>\n","protected":false},"excerpt":{"rendered":"<p>Poskytujeme kvalifikovan\u011b a loaj\u00e1ln\u011b pr\u00e1vn\u00ed pomoc ve v\u0161ech oblastech \u010desk\u00e9ho pr\u00e1vn\u00edho \u0159\u00e1du. Na\u0161\u00ed specializac\u00ed je zejm\u00e9na oblast insolven\u010dn\u00edho pr\u00e1va a zastupov\u00e1n\u00ed p\u0159i vym\u00e1h\u00e1n\u00ed pohled\u00e1vek. M\u00e1te-li z\u00e1jem o jak\u00e9koliv pr\u00e1vn\u00ed slu\u017eby, kontaktujte advok\u00e1tku Mgr. Anetu \u0160losarovou na telefonn\u00edm \u010d\u00edsle 778 493 493, nebo\u0165 pro n\u00e1v\u0161t\u011bvu na\u0161\u00ed kancel\u00e1\u0159e je v\u017edy vhodn\u00e9 sjednat si sch\u016fzku, aby Va\u0161\u00ed z\u00e1le\u017eitosti mohl b\u00fdt v\u011bnov\u00e1n dostate\u010dn\u00fd \u010dasov\u00fd prostor.<\/p>\n","protected":false},"author":2,"featured_media":0,"parent":0,"menu_order":0,"comment_status":"closed","ping_status":"closed","template":"","meta":{"footnotes":""},"_links":{"self":[{"href":"http:\/\/akslosarova.cz\/index.php?rest_route=\/wp\/v2\/pages\/12"}],"collection":[{"href":"http:\/\/akslosarova.cz\/index.php?rest_route=\/wp\/v2\/pages"}],"about":[{"href":"http:\/\/akslosarova.cz\/index.php?rest_route=\/wp\/v2\/types\/page"}],"author":[{"embeddable":true,"href":"http:\/\/akslosarova.cz\/index.php?rest_route=\/wp\/v2\/users\/2"}],"replies":[{"embeddable":true,"href":"http:\/\/akslosarova.cz\/index.php?rest_route=%2Fwp%2Fv2%2Fcomments&post=12"}],"version-history":[{"count":5,"href":"http:\/\/akslosarova.cz\/index.php?rest_route=\/wp\/v2\/pages\/12\/revisions"}],"predecessor-version":[{"id":405,"href":"http:\/\/akslosarova.cz\/index.php?rest_route=\/wp\/v2\/pages\/12\/revisions\/405"}],"wp:attachment":[{"href":"http:\/\/akslosarova.cz\/index.php?rest_route=%2Fwp%2Fv2%2Fmedia&parent=12"}],"curies":[{"name":"wp","href":"https:\/\/api.w.org\/{rel}","templated":true}]}}